{"id":2276,"date":"2023-04-29T05:17:10","date_gmt":"2023-04-29T05:17:10","guid":{"rendered":"https:\/\/motiro.eco.br\/wp\/?post_type=product&#038;p=2276"},"modified":"2025-09-23T21:48:39","modified_gmt":"2025-09-23T21:48:39","slug":"mini-green-rabanete-organico-pote","status":"publish","type":"product","link":"https:\/\/motiro.eco.br\/wp\/produto\/mini-green-rabanete-organico-pote\/","title":{"rendered":"Mini Green Rabanete Org\u00e2nico &#8211; pote"},"content":{"rendered":"<p>Os microverdes devem ser armazenadas sob refrigera\u00e7\u00e3o, cortadas rentes ao substrato e higienizadas para consumo.<\/p>\n<p>&nbsp;<\/p>\n<p>O substrato pode ser armazenado na parte inferior da geladeira( ou em ambiente com luz(n\u00e3o necessariamente no sol)) e retirar os microverdes aos poucos.<\/p>\n","protected":false},"excerpt":{"rendered":"<p>Os Mini Greens ou Microverdes s\u00e3o uma fase avan\u00e7ada dos brotos, que j\u00e1 plantados em solo apresentam suas primeiras folhas. Diferente dos brotos, os microverdes s\u00e3o consumidos sem a raiz.\u00a0<strong>Por isso, devem ser cortados bem rentes aos substratos, para garantir um melhor aproveitamento.<\/strong><\/p>\n","protected":false},"featured_media":2277,"comment_status":"open","ping_status":"closed","template":"","meta":{"_themeisle_gutenberg_block_has_review":false},"product_cat":[124],"product_tag":[],"class_list":["post-2276","product","type-product","status-publish","has-post-thumbnail","hentry","product_cat-mini-green"],"_links":{"self":[{"href":"https:\/\/motiro.eco.br\/wp\/wp-json\/wp\/v2\/product\/2276","targetHints":{"allow":["GET"]}}],"collection":[{"href":"https:\/\/motiro.eco.br\/wp\/wp-json\/wp\/v2\/product"}],"about":[{"href":"https:\/\/motiro.eco.br\/wp\/wp-json\/wp\/v2\/types\/product"}],"replies":[{"embeddable":true,"href":"https:\/\/motiro.eco.br\/wp\/wp-json\/wp\/v2\/comments?post=2276"}],"wp:featuredmedia":[{"embeddable":true,"href":"https:\/\/motiro.eco.br\/wp\/wp-json\/wp\/v2\/media\/2277"}],"wp:attachment":[{"href":"https:\/\/motiro.eco.br\/wp\/wp-json\/wp\/v2\/media?parent=2276"}],"wp:term":[{"taxonomy":"product_cat","embeddable":true,"href":"https:\/\/motiro.eco.br\/wp\/wp-json\/wp\/v2\/product_cat?post=2276"},{"taxonomy":"product_tag","embeddable":true,"href":"https:\/\/motiro.eco.br\/wp\/wp-json\/wp\/v2\/product_tag?post=2276"}],"curies":[{"name":"wp","href":"https:\/\/api.w.org\/{rel}","templated":true}]}}