{"id":3578,"date":"2024-07-06T15:34:32","date_gmt":"2024-07-06T15:34:32","guid":{"rendered":"https:\/\/motiro.eco.br\/wp\/?post_type=product&#038;p=3578"},"modified":"2025-08-02T15:18:50","modified_gmt":"2025-08-02T15:18:50","slug":"goiabada-barra-900g","status":"publish","type":"product","link":"https:\/\/motiro.eco.br\/wp\/produto\/goiabada-barra-900g\/","title":{"rendered":"Goiabada (barra) 400g."},"content":{"rendered":"<p>Ingredientes: Goiaba agroecol\u00f3gica, \u00e1gua e a\u00e7\u00facar.<\/p>\n","protected":false},"excerpt":{"rendered":"<p>Produto n\u00e3o org\u00e2nico.<\/p>\n","protected":false},"featured_media":3579,"comment_status":"open","ping_status":"closed","template":"","meta":{"_themeisle_gutenberg_block_has_review":false},"product_cat":[78,75,69,72],"product_tag":[137],"class_list":["post-3578","product","type-product","status-publish","has-post-thumbnail","hentry","product_cat-geleias-doces","product_cat-petiscos","product_cat-produtos-artesanais","product_cat-promocoes","product_tag-produto-nao-organico"],"_links":{"self":[{"href":"https:\/\/motiro.eco.br\/wp\/wp-json\/wp\/v2\/product\/3578","targetHints":{"allow":["GET"]}}],"collection":[{"href":"https:\/\/motiro.eco.br\/wp\/wp-json\/wp\/v2\/product"}],"about":[{"href":"https:\/\/motiro.eco.br\/wp\/wp-json\/wp\/v2\/types\/product"}],"replies":[{"embeddable":true,"href":"https:\/\/motiro.eco.br\/wp\/wp-json\/wp\/v2\/comments?post=3578"}],"wp:featuredmedia":[{"embeddable":true,"href":"https:\/\/motiro.eco.br\/wp\/wp-json\/wp\/v2\/media\/3579"}],"wp:attachment":[{"href":"https:\/\/motiro.eco.br\/wp\/wp-json\/wp\/v2\/media?parent=3578"}],"wp:term":[{"taxonomy":"product_cat","embeddable":true,"href":"https:\/\/motiro.eco.br\/wp\/wp-json\/wp\/v2\/product_cat?post=3578"},{"taxonomy":"product_tag","embeddable":true,"href":"https:\/\/motiro.eco.br\/wp\/wp-json\/wp\/v2\/product_tag?post=3578"}],"curies":[{"name":"wp","href":"https:\/\/api.w.org\/{rel}","templated":true}]}}