{"id":3949,"date":"2024-12-13T13:37:27","date_gmt":"2024-12-13T13:37:27","guid":{"rendered":"https:\/\/motiro.eco.br\/wp\/?post_type=product&#038;p=3949"},"modified":"2025-01-04T01:13:11","modified_gmt":"2025-01-04T01:13:11","slug":"chocotone-com-cobertura-de-chocolate-belga-ao-leite550g","status":"publish","type":"product","link":"https:\/\/motiro.eco.br\/wp\/produto\/chocotone-com-cobertura-de-chocolate-belga-ao-leite550g\/","title":{"rendered":"Chocotone com cobertura de chocolate belga ao leite550g"},"content":{"rendered":"<p>Recheio: Mix de gotas de chocolate belga ao leite e meio amargo<\/p>\n<p>&nbsp;<\/p>\n<p>Feitos com a melhor farinha italiana, Molino Pasini, manteiga, ovos, nossa laranjinha da casa, cranberries, passas claras e escuras, vinho do porto e lievito madre. Fermenta\u00e7\u00e3o completamente natural. Pe\u00e7a o seu, pois nossa produ\u00e7\u00e3o \u00e9 limitada, para manter a qualidade.<\/p>\n","protected":false},"excerpt":{"rendered":"<p>Recheio: Cranberries, laranjinha, passas claras e escura.<\/p>\n<p>&nbsp;<\/p>\n<p>Feitos com a melhor farinha italiana, Molino Pasini, manteiga, ovos, nossa laranjinha da casa, cranberries, passas claras e escuras, vinho do porto e lievito madre. Fermenta\u00e7\u00e3o completamente natural. Pe\u00e7a o seu, pois nossa produ\u00e7\u00e3o \u00e9 limitada, para manter a qualidade.<\/p>\n","protected":false},"featured_media":3947,"comment_status":"open","ping_status":"closed","template":"","meta":{"_themeisle_gutenberg_block_has_review":false},"product_cat":[75,69],"product_tag":[],"class_list":["post-3949","product","type-product","status-publish","has-post-thumbnail","hentry","product_cat-petiscos","product_cat-produtos-artesanais"],"_links":{"self":[{"href":"https:\/\/motiro.eco.br\/wp\/wp-json\/wp\/v2\/product\/3949","targetHints":{"allow":["GET"]}}],"collection":[{"href":"https:\/\/motiro.eco.br\/wp\/wp-json\/wp\/v2\/product"}],"about":[{"href":"https:\/\/motiro.eco.br\/wp\/wp-json\/wp\/v2\/types\/product"}],"replies":[{"embeddable":true,"href":"https:\/\/motiro.eco.br\/wp\/wp-json\/wp\/v2\/comments?post=3949"}],"wp:featuredmedia":[{"embeddable":true,"href":"https:\/\/motiro.eco.br\/wp\/wp-json\/wp\/v2\/media\/3947"}],"wp:attachment":[{"href":"https:\/\/motiro.eco.br\/wp\/wp-json\/wp\/v2\/media?parent=3949"}],"wp:term":[{"taxonomy":"product_cat","embeddable":true,"href":"https:\/\/motiro.eco.br\/wp\/wp-json\/wp\/v2\/product_cat?post=3949"},{"taxonomy":"product_tag","embeddable":true,"href":"https:\/\/motiro.eco.br\/wp\/wp-json\/wp\/v2\/product_tag?post=3949"}],"curies":[{"name":"wp","href":"https:\/\/api.w.org\/{rel}","templated":true}]}}