{"id":4081,"date":"2025-03-18T12:06:21","date_gmt":"2025-03-18T12:06:21","guid":{"rendered":"https:\/\/motiro.eco.br\/wp\/?post_type=product&#038;p=4081"},"modified":"2025-04-11T13:04:31","modified_gmt":"2025-04-11T13:04:31","slug":"barra-de-proteina-move-banana","status":"publish","type":"product","link":"https:\/\/motiro.eco.br\/wp\/produto\/barra-de-proteina-move-banana\/","title":{"rendered":"Barra de Prote\u00edna Move Banana"},"content":{"rendered":"<p>Barra com 8g de prote\u00edna vegana, feita a base de frutas e coberta com chocolate 70% cacau!<\/p>\n","protected":false},"excerpt":{"rendered":"<div class=\"description-item\" data-accordion-item=\"\">\n<div class=\"description-header\" data-toggle-accordion=\"\">\n<div class=\"description-item\" data-accordion-item=\"\">\n<div class=\"description-header\" data-toggle-accordion=\"\"><\/div>\n<\/div>\n<div class=\"description-item opened\" data-accordion-item=\"\">\n<div class=\"description-header\" data-toggle-accordion=\"\">\n<div class=\"description-item\" data-accordion-item=\"\">\n<div class=\"description-header\" data-toggle-accordion=\"\">\n<h4>BENEF\u00cdCIOS<\/h4>\n<\/div>\n<div class=\"collapse animating\" aria-expanded=\"false\" data-accordion-content=\"\">\n<div class=\"descricao-wrapper\" data-accordion-wrap=\"\">\n<p>&nbsp;<\/p>\n<p>&nbsp;<\/p>\n<\/div>\n<\/div>\n<\/div>\n<div class=\"description-item opened\" data-accordion-item=\"\">\n<div class=\"description-header\" data-toggle-accordion=\"\">\n<h4>INGREDIENTES<\/h4>\n<\/div>\n<div class=\"collapse is-active\" aria-expanded=\"false\" data-accordion-content=\"\">\n<div class=\"descricao-wrapper\" data-accordion-wrap=\"\">\n<p>t\u00e2maras, chocolate 70% cacau (massa de cacau, a\u00e7\u00facar, manteiga de cacau, emulsificante lecitina de girassol e aroma natural), pasta integral de amendoim, fibra de tapioca, prote\u00edna de ervilha, coco desidratado, am\u00eandoas, aroma natural de baunilha e sal marinho integral. N\u00c3O CONT\u00c9M GL\u00daTEN. AL\u00c9RGICOS: CONT\u00c9M AMENDOIM E AM\u00caNDOAS. PODE CONTER AVEL\u00c3, CASTANHA-DO-PAR\u00c1, CASTANHA DE CAJU, LEITE E SOJA.\u00a0<em>ALTO EM GORDURA SATURADA<\/em><\/p>\n<\/div>\n<\/div>\n<\/div>\n<\/div>\n<\/div>\n<\/div>\n<\/div>\n","protected":false},"featured_media":4082,"comment_status":"open","ping_status":"closed","template":"","meta":{"_themeisle_gutenberg_block_has_review":false},"product_cat":[119,71],"product_tag":[],"class_list":["post-4081","product","type-product","status-publish","has-post-thumbnail","hentry","product_cat-graos-sementes","product_cat-graos-sementes-cereais-e-frutas-secas"],"_links":{"self":[{"href":"https:\/\/motiro.eco.br\/wp\/wp-json\/wp\/v2\/product\/4081","targetHints":{"allow":["GET"]}}],"collection":[{"href":"https:\/\/motiro.eco.br\/wp\/wp-json\/wp\/v2\/product"}],"about":[{"href":"https:\/\/motiro.eco.br\/wp\/wp-json\/wp\/v2\/types\/product"}],"replies":[{"embeddable":true,"href":"https:\/\/motiro.eco.br\/wp\/wp-json\/wp\/v2\/comments?post=4081"}],"wp:featuredmedia":[{"embeddable":true,"href":"https:\/\/motiro.eco.br\/wp\/wp-json\/wp\/v2\/media\/4082"}],"wp:attachment":[{"href":"https:\/\/motiro.eco.br\/wp\/wp-json\/wp\/v2\/media?parent=4081"}],"wp:term":[{"taxonomy":"product_cat","embeddable":true,"href":"https:\/\/motiro.eco.br\/wp\/wp-json\/wp\/v2\/product_cat?post=4081"},{"taxonomy":"product_tag","embeddable":true,"href":"https:\/\/motiro.eco.br\/wp\/wp-json\/wp\/v2\/product_tag?post=4081"}],"curies":[{"name":"wp","href":"https:\/\/api.w.org\/{rel}","templated":true}]}}